{"id":2498,"date":"2021-03-25T18:41:00","date_gmt":"2021-03-25T16:41:00","guid":{"rendered":"http:\/\/cgt-cfa.com\/WordPress\/?page_id=2498"},"modified":"2021-03-25T18:41:00","modified_gmt":"2021-03-25T16:41:00","slug":"petitions-2021-du-personnel-des-cfa-btp-paritaires","status":"publish","type":"page","link":"http:\/\/cgt-cfa.com\/WordPress\/petitions-2021-du-personnel-des-cfa-btp-paritaires\/","title":{"rendered":"P\u00e9titions 2021 du personnel des CFA BTP paritaires"},"content":{"rendered":"<h3>Les p\u00e9titions 2021 sont disponibles sous la forme de cinq archives zipp\u00e9es afin d&rsquo;\u00eatre plus facilement t\u00e9l\u00e9chargeables<\/h3>\n<ul>\n<li><a href=\"http:\/\/cgt-cfa.com\/WordPress\/wp-content\/uploads\/2021\/03\/Petitions_1.zip\">Archives 1<\/a><\/li>\n<li><a href=\"http:\/\/cgt-cfa.com\/WordPress\/wp-content\/uploads\/2021\/03\/petition_2.zip\">Archives 2<\/a><\/li>\n<li><a href=\"http:\/\/cgt-cfa.com\/WordPress\/wp-content\/uploads\/2021\/03\/Petitions_3.zip\">Archives 3<\/a><\/li>\n<li><a href=\"http:\/\/cgt-cfa.com\/WordPress\/wp-content\/uploads\/2021\/03\/petitions_4.zip\">Archives 4<\/a><\/li>\n<li><a href=\"http:\/\/cgt-cfa.com\/WordPress\/wp-content\/uploads\/2021\/03\/PETITIONS_5.zip\">Archives 5<\/a><\/li>\n<\/ul>\n<p><a href=\"http:\/\/cgt-cfa.com\/WordPress\/manifs_silhouettes\/\"><img loading=\"lazy\" decoding=\"async\" class=\"alignnone size-large wp-image-2505\" src=\"http:\/\/cgt-cfa.com\/WordPress\/wp-content\/uploads\/2021\/03\/manifs_Silhouettes-1024x380.gif\" alt=\"\" width=\"1024\" height=\"380\" srcset=\"http:\/\/cgt-cfa.com\/WordPress\/wp-content\/uploads\/2021\/03\/manifs_Silhouettes-1024x380.gif 1024w, http:\/\/cgt-cfa.com\/WordPress\/wp-content\/uploads\/2021\/03\/manifs_Silhouettes-300x111.gif 300w, http:\/\/cgt-cfa.com\/WordPress\/wp-content\/uploads\/2021\/03\/manifs_Silhouettes-768x285.gif 768w, http:\/\/cgt-cfa.com\/WordPress\/wp-content\/uploads\/2021\/03\/manifs_Silhouettes-1320x490.gif 1320w\" sizes=\"auto, (max-width: 1024px) 100vw, 1024px\" \/><\/a><\/p>\n","protected":false},"excerpt":{"rendered":"<p>Les p\u00e9titions 2021 sont disponibles sous la forme de cinq archives zipp\u00e9es afin d&rsquo;\u00eatre plus facilement t\u00e9l\u00e9chargeables Archives 1 Archives 2 Archives 3 Archives 4 Archives 5<\/p>\n","protected":false},"author":1,"featured_media":0,"parent":0,"menu_order":0,"comment_status":"closed","ping_status":"closed","template":"","meta":{"footnotes":""},"class_list":["post-2498","page","type-page","status-publish","hentry"],"aioseo_notices":[],"_links":{"self":[{"href":"http:\/\/cgt-cfa.com\/WordPress\/wp-json\/wp\/v2\/pages\/2498","targetHints":{"allow":["GET"]}}],"collection":[{"href":"http:\/\/cgt-cfa.com\/WordPress\/wp-json\/wp\/v2\/pages"}],"about":[{"href":"http:\/\/cgt-cfa.com\/WordPress\/wp-json\/wp\/v2\/types\/page"}],"author":[{"embeddable":true,"href":"http:\/\/cgt-cfa.com\/WordPress\/wp-json\/wp\/v2\/users\/1"}],"replies":[{"embeddable":true,"href":"http:\/\/cgt-cfa.com\/WordPress\/wp-json\/wp\/v2\/comments?post=2498"}],"version-history":[{"count":2,"href":"http:\/\/cgt-cfa.com\/WordPress\/wp-json\/wp\/v2\/pages\/2498\/revisions"}],"predecessor-version":[{"id":2506,"href":"http:\/\/cgt-cfa.com\/WordPress\/wp-json\/wp\/v2\/pages\/2498\/revisions\/2506"}],"wp:attachment":[{"href":"http:\/\/cgt-cfa.com\/WordPress\/wp-json\/wp\/v2\/media?parent=2498"}],"curies":[{"name":"wp","href":"https:\/\/api.w.org\/{rel}","templated":true}]}}