{"id":1701,"date":"2016-02-06T11:29:58","date_gmt":"2016-02-06T09:29:58","guid":{"rendered":"http:\/\/cgt-cfa.com\/WordPress\/?page_id=1701"},"modified":"2016-02-06T11:31:05","modified_gmt":"2016-02-06T09:31:05","slug":"documents-utiles","status":"publish","type":"page","link":"http:\/\/cgt-cfa.com\/WordPress\/documents-utiles\/","title":{"rendered":"51\u00b0 congr\u00e8s"},"content":{"rendered":"<p><strong>51\u00b0 congr\u00e8s<\/strong><\/p>\n<ul>\n<li><a href=\"http:\/\/ufrcba-cgt.com\/blog\/wp-content\/uploads\/2016\/01\/orientation_51_web.pdf\">Document d&rsquo;orientation<\/a> du 51\u00b0 congr\u00e8s conf\u00e9d\u00e9ral<\/li>\n<li><a href=\"http:\/\/ufrcba-cgt.com\/blog\/wp-content\/uploads\/2016\/01\/reperes_revendicatifs_51.pdf\">Rep\u00e8res revendicatifs<\/a> pour le 51\u00b0\u00a0 congr\u00e8s conf\u00e9d\u00e9ral<\/li>\n<\/ul>\n","protected":false},"excerpt":{"rendered":"<p>51\u00b0 congr\u00e8s Document d&rsquo;orientation du 51\u00b0 congr\u00e8s conf\u00e9d\u00e9ral Rep\u00e8res revendicatifs pour le 51\u00b0\u00a0 congr\u00e8s conf\u00e9d\u00e9ral<\/p>\n","protected":false},"author":1,"featured_media":0,"parent":0,"menu_order":0,"comment_status":"open","ping_status":"open","template":"","meta":{"footnotes":""},"class_list":["post-1701","page","type-page","status-publish","hentry"],"aioseo_notices":[],"_links":{"self":[{"href":"http:\/\/cgt-cfa.com\/WordPress\/wp-json\/wp\/v2\/pages\/1701","targetHints":{"allow":["GET"]}}],"collection":[{"href":"http:\/\/cgt-cfa.com\/WordPress\/wp-json\/wp\/v2\/pages"}],"about":[{"href":"http:\/\/cgt-cfa.com\/WordPress\/wp-json\/wp\/v2\/types\/page"}],"author":[{"embeddable":true,"href":"http:\/\/cgt-cfa.com\/WordPress\/wp-json\/wp\/v2\/users\/1"}],"replies":[{"embeddable":true,"href":"http:\/\/cgt-cfa.com\/WordPress\/wp-json\/wp\/v2\/comments?post=1701"}],"version-history":[{"count":2,"href":"http:\/\/cgt-cfa.com\/WordPress\/wp-json\/wp\/v2\/pages\/1701\/revisions"}],"predecessor-version":[{"id":1703,"href":"http:\/\/cgt-cfa.com\/WordPress\/wp-json\/wp\/v2\/pages\/1701\/revisions\/1703"}],"wp:attachment":[{"href":"http:\/\/cgt-cfa.com\/WordPress\/wp-json\/wp\/v2\/media?parent=1701"}],"curies":[{"name":"wp","href":"https:\/\/api.w.org\/{rel}","templated":true}]}}